{"id":799,"date":"2023-08-04T07:36:13","date_gmt":"2023-08-04T07:36:13","guid":{"rendered":"https:\/\/burgerking.hr\/?page_id=799"},"modified":"2024-12-18T09:01:01","modified_gmt":"2024-12-18T09:01:01","slug":"student-ica","status":"publish","type":"page","link":"https:\/\/burgerking.hr\/?page_id=799","title":{"rendered":"Student\/ica"},"content":{"rendered":"\n<figure class=\"wp-block-image size-full\"><img loading=\"lazy\" decoding=\"async\" width=\"1903\" height=\"694\" src=\"https:\/\/burgerking.hr\/wp-content\/uploads\/2024\/12\/BK_YJYW_1903x694px_03.jpg\" alt=\"\" class=\"wp-image-2464\" srcset=\"https:\/\/burgerking.hr\/wp-content\/uploads\/2024\/12\/BK_YJYW_1903x694px_03.jpg 1903w, https:\/\/burgerking.hr\/wp-content\/uploads\/2024\/12\/BK_YJYW_1903x694px_03-300x109.jpg 300w, https:\/\/burgerking.hr\/wp-content\/uploads\/2024\/12\/BK_YJYW_1903x694px_03-1024x373.jpg 1024w, https:\/\/burgerking.hr\/wp-content\/uploads\/2024\/12\/BK_YJYW_1903x694px_03-768x280.jpg 768w, https:\/\/burgerking.hr\/wp-content\/uploads\/2024\/12\/BK_YJYW_1903x694px_03-1536x560.jpg 1536w\" sizes=\"auto, (max-width: 1903px) 100vw, 1903px\" \/><\/figure>\n\n\n\n<div class=\"wp-block-columns is-layout-flex wp-container-core-columns-is-layout-9d6595d7 wp-block-columns-is-layout-flex\">\n<div class=\"wp-block-column is-layout-flow wp-block-column-is-layout-flow\">\n<div class=\"posao-ljevi-dio\">\n  <p class=\"posao-ljevo-naslov\">Student\/ica (m\/\u017e)<\/p>\n  <p class=\"posao-ljevo-lokacija\">\n    <img decoding=\"async\"\n      class=\"posao-ljevo-ikona\"\n      src=\"https:\/\/burgerking.hr\/wp-content\/uploads\/2023\/07\/maps-and-flags.png\"\n    \/>Split, Rijeka, Zagreb, Rugvica\n  <\/p>\n  <p class=\"posao-ljevo-opis\">Opis posla:<\/p>\n  <ul>\n    <li>\n      Brine se o gostima da prime najbolju uslugu, da restoran bude \u010dist,\n      atmosfera u restoranu ugodna, hrana koju poslu\u017eujemo topla i svje\u017ea\n    <\/li>\n    <li>\n      Student\/ica \u0107e raditi na bazi\u010dnim poslovima \u0161to uklju\u010duje rad na blagajni,\n      rad u kuhinji, rad na poslovima \u010di\u0161\u0107enja kao i slaganje dostave\n    <\/li>\n  <\/ul>\n  <p class=\"posao-ljevo-opis\">Uvjeti:<\/p>\n  <ul>\n    <li>Po\u0161tivanje i provo\u0111enje BURGER KING\u00ae radnih procedura i standarda<\/li>\n    <li>Izra\u017eena komunikativnost<\/li>\n    <li>Timski rad<\/li>\n    <li>Znati da je osmijeh bitan \ud83d\ude42<\/li>\n  <\/ul>\n  <p class=\"posao-ljevo-opis\">Nudimo ti:<\/p>\n  <ul>\n    <li>\n      Fleksibilno radno vrijeme i raspored prilago\u0111en obvezama studenata\n    <\/li>\n    <li>Mogu\u0107nost napredovanja na vi\u0161u poziciju<\/li>\n    <li>Nagrada za rad i trud u obliku bonusa<\/li>\n    <li>\n      Pove\u0107anje satnice na temelju rezultata rada\n    <\/li>\n    <li>\n      Mogu\u0107nost stalnog zaposlenja\n    <\/li>\n  <\/ul>\n  <p class=\"posao-ljevo-lokacija\" style=\"margin-top:50px;\">Sezonski ili dugoro\u010dno?<br>Have it Your Way\u00ae<\/p>\n<div>\n<p class=\"prijavi-se\">Prijavi se<\/p>\n<\/div>\n<\/div>\n<\/div>\n<\/div>\n\n\n\n<div class=\"wp-block-columns is-layout-flex wp-container-core-columns-is-layout-9d6595d7 wp-block-columns-is-layout-flex\">\n<div class=\"wp-block-column is-layout-flow wp-block-column-is-layout-flow\" style=\"flex-basis:25%\"><\/div>\n\n\n\n<div class=\"wp-block-column is-layout-flow wp-block-column-is-layout-flow\" style=\"flex-basis:50%\">\n<div class=\"prijavnica-open\" style=\"display:none;\"><div style=\"background-color:#d7c7b5;border-radius:15px;\"><div class=\"prijavnica\"><div class=\"prijava-za-posao\">\n<\/div>\n\n\n\n<div class=\"wp-block-column is-layout-flow wp-block-column-is-layout-flow\" style=\"flex-basis:25%\"><\/div>\n<\/div>\n\n\n\n<div class=\"wp-block-columns is-layout-flex wp-container-core-columns-is-layout-9d6595d7 wp-block-columns-is-layout-flex\">\n<div class=\"wp-block-column is-layout-flow wp-block-column-is-layout-flow\">\n<div class=\"wpcf7 no-js\" id=\"wpcf7-f798-o1\" lang=\"hr\" dir=\"ltr\" data-wpcf7-id=\"798\">\n<div class=\"screen-reader-response\"><p role=\"status\" aria-live=\"polite\" aria-atomic=\"true\"><\/p> <ul><\/ul><\/div>\n<form action=\"\/index.php?rest_route=%2Fwp%2Fv2%2Fpages%2F799#wpcf7-f798-o1\" method=\"post\" class=\"wpcf7-form init\" aria-label=\"Kontakt obrazac\" enctype=\"multipart\/form-data\" novalidate=\"novalidate\" data-status=\"init\">\n<fieldset class=\"hidden-fields-container\"><input type=\"hidden\" name=\"_wpcf7\" value=\"798\" \/><input type=\"hidden\" name=\"_wpcf7_version\" value=\"6.1.4\" \/><input type=\"hidden\" name=\"_wpcf7_locale\" value=\"hr\" \/><input type=\"hidden\" name=\"_wpcf7_unit_tag\" value=\"wpcf7-f798-o1\" \/><input type=\"hidden\" name=\"_wpcf7_container_post\" value=\"0\" \/><input type=\"hidden\" name=\"_wpcf7_posted_data_hash\" value=\"\" \/>\n<\/fieldset>\n<div class=\"prijava-naslov\">\n\t<p class=\"naslov-prijava\">Pridru\u017ei se kraljevskoj obitelji!\n\t<\/p>\n<\/div>\n<div class=\"prijavnica-bklogo\">\n\t<p><img decoding=\"async\" src=\"https:\/\/stellenangebote.burgerking.de\/004_de\/website\/karriere_rbi_2022\/layout\/bklogo.svg\" \/>\n\t<\/p>\n<\/div>\n<div class=\"inputfield\">\n\t<div>\n\t\t<p><span class=\"wpcf7-form-control-wrap\" data-name=\"ime-i-prezime\"><input size=\"40\" maxlength=\"400\" class=\"wpcf7-form-control wpcf7-text wpcf7-validates-as-required\" aria-required=\"true\" aria-invalid=\"false\" placeholder=\"Ime i prezime\" value=\"\" type=\"text\" name=\"ime-i-prezime\" \/><\/span>\n\t\t<\/p>\n\t<\/div>\n\t<div class=\"inputfield2\">\n\t\t<p><span class=\"wpcf7-form-control-wrap\" data-name=\"email\"><input size=\"40\" maxlength=\"400\" class=\"wpcf7-form-control wpcf7-email wpcf7-validates-as-required wpcf7-text wpcf7-validates-as-email\" aria-required=\"true\" aria-invalid=\"false\" placeholder=\"Email adresa\" value=\"\" type=\"email\" name=\"email\" \/><\/span>\n\t\t<\/p>\n\t<\/div>\n<\/div>\n<div class=\"inputfield\">\n\t<div>\n\t\t<p><span class=\"wpcf7-form-control-wrap\" data-name=\"mjesto-stanovanja\"><input size=\"40\" maxlength=\"400\" class=\"wpcf7-form-control wpcf7-text wpcf7-validates-as-required\" aria-required=\"true\" aria-invalid=\"false\" placeholder=\"Mjesto stanovanja\" value=\"\" type=\"text\" name=\"mjesto-stanovanja\" \/><\/span>\n\t\t<\/p>\n\t<\/div>\n\t<div class=\"inputfield2\">\n\t\t<p><span class=\"wpcf7-form-control-wrap\" data-name=\"telefon\"><input size=\"40\" maxlength=\"400\" class=\"wpcf7-form-control wpcf7-tel wpcf7-validates-as-required wpcf7-text wpcf7-validates-as-tel\" aria-required=\"true\" aria-invalid=\"false\" placeholder=\"Telefon\" value=\"\" type=\"tel\" name=\"telefon\" \/><\/span>\n\t\t<\/p>\n\t<\/div>\n<\/div>\n<div class=\"inputfield-radio\">\n\t<div class=\"inputfield-radio1\">\n\t\t<p><label class=\"respo\"> Raspolo\u017eivost za rad*<br \/>\n<span class=\"wpcf7-form-control-wrap\" data-name=\"raspolozivost-za-rad\"><span class=\"wpcf7-form-control wpcf7-radio\"><span class=\"wpcf7-list-item first\"><label><input type=\"radio\" name=\"raspolozivost-za-rad\" value=\"Puno radno vrijeme - 40 sati tjedno\" \/><span class=\"wpcf7-list-item-label\">Puno radno vrijeme - 40 sati tjedno<\/span><\/label><\/span><span class=\"wpcf7-list-item\"><label><input type=\"radio\" name=\"raspolozivost-za-rad\" value=\"Pola radnog vremena - 20 sati tjedno\" \/><span class=\"wpcf7-list-item-label\">Pola radnog vremena - 20 sati tjedno<\/span><\/label><\/span><span class=\"wpcf7-list-item last\"><label><input type=\"radio\" name=\"raspolozivost-za-rad\" value=\"Drugo - Upi\u0161i raspolo\u017eivost tjednih sati\" \/><span class=\"wpcf7-list-item-label\">Drugo - Upi\u0161i raspolo\u017eivost tjednih sati<\/span><\/label><\/span><\/span><\/span><\/label>\n\t\t<\/p>\n\t\t<div class=\"odaberite-sate\" style=\"display:none;\">\n\t\t\t<p><span class=\"wpcf7-form-control-wrap\" data-name=\"broj-raspolozivih-sati\"><input class=\"wpcf7-form-control wpcf7-number wpcf7-validates-as-number\" aria-invalid=\"false\" placeholder=\"Upi\u0161i raspolo\u017eivost tjednih sati\" value=\"\" type=\"number\" name=\"broj-raspolozivih-sati\" \/><\/span>\n\t\t\t<\/p>\n\t\t<\/div>\n\t<\/div>\n\t<div class=\"inputfield-radio2\">\n\t\t<p><label class=\"respo\"> Preferirano radno vrijeme*<br \/>\n<span class=\"wpcf7-form-control-wrap\" data-name=\"radno-vrijeme\"><span class=\"wpcf7-form-control wpcf7-checkbox\"><span class=\"wpcf7-list-item first\"><label><input type=\"checkbox\" name=\"radno-vrijeme[]\" value=\"Rad u smjenama\" \/><span class=\"wpcf7-list-item-label\">Rad u smjenama<\/span><\/label><\/span><span class=\"wpcf7-list-item\"><label><input type=\"checkbox\" name=\"radno-vrijeme[]\" value=\"No\u0107ne smjene\" \/><span class=\"wpcf7-list-item-label\">No\u0107ne smjene<\/span><\/label><\/span><span class=\"wpcf7-list-item\"><label><input type=\"checkbox\" name=\"radno-vrijeme[]\" value=\"Rad vikendom\" \/><span class=\"wpcf7-list-item-label\">Rad vikendom<\/span><\/label><\/span><span class=\"wpcf7-list-item last\"><label><input type=\"checkbox\" name=\"radno-vrijeme[]\" value=\"Drugo - upi\u0161i preferirano radno vrijeme\" \/><span class=\"wpcf7-list-item-label\">Drugo - upi\u0161i preferirano radno vrijeme<\/span><\/label><\/span><\/span><\/span><\/label>\n\t\t<\/p>\n\t\t<div class=\"radno-vrijeme\" style=\"display:none;\">\n\t\t\t<p><span class=\"wpcf7-form-control-wrap\" data-name=\"radno-vrijeme-text\"><input size=\"40\" maxlength=\"400\" class=\"wpcf7-form-control wpcf7-text\" aria-invalid=\"false\" placeholder=\"Upi\u0161i preferirano radno vrijeme\" value=\"\" type=\"text\" name=\"radno-vrijeme-text\" \/><\/span>\n\t\t\t<\/p>\n\t\t<\/div>\n\t<\/div>\n<\/div>\n<div class=\"radno-iskustvo\">\n\t<p><span class=\"wpcf7-form-control-wrap\" data-name=\"radno-iskustvo\"><textarea cols=\"40\" rows=\"10\" maxlength=\"2000\" class=\"wpcf7-form-control wpcf7-textarea\" aria-invalid=\"false\" placeholder=\"Ako \u017eeli\u0161 ukratko opi\u0161i svoje dosada\u0161nje radno iskustvo\" name=\"radno-iskustvo\"><\/textarea><\/span>\n\t<\/p>\n<\/div>\n<p><span class=\"wpcf7-form-control-wrap\" data-name=\"sanitarna\"><span class=\"wpcf7-form-control wpcf7-radio\"><span class=\"wpcf7-list-item first last\"><label><input type=\"radio\" name=\"sanitarna\" value=\"Imam va\u017ee\u0107u sanitarnu knji\u017eicu\" \/><span class=\"wpcf7-list-item-label\">Imam va\u017ee\u0107u sanitarnu knji\u017eicu<\/span><\/label><\/span><\/span><\/span>\n<\/p>\n<div style=\"margin-top:50px;\">\n\t<p><label class=\"naslov-prijava\">Prilo\u017ei \u017eivotopis - nije obavezno<\/label>\n\t<\/p>\n\t<div style=\"margin-top:10px;margin-bottom:10px;\">\n\t\t<p><label>Mo\u017eete prilo\u017eiti vi\u0161e datoteka formata .doc, .pdf, .jpg, .jpeg ili .png veli\u010dine do 2 MB<\/label>\n\t\t<\/p>\n\t<\/div>\n\t<p><span class=\"wpcf7-form-control-wrap\" data-name=\"zivotopis\"><input size=\"40\" class=\"wpcf7-form-control wpcf7-file\" accept=\".doc,.pdf,.jpg,.jpeg,.png\" aria-invalid=\"false\" type=\"file\" name=\"zivotopis\" \/><\/span>\n\t<\/p>\n<\/div>\n<div class=\"scrollable-div-posao\">\n\t<p>KRALJEVI RESTORANI d.o.o. se obvezuje prikupljenim osobnim podacima postupati sukladno odredbama Op\u0107e uredbe o za\u0161titi podataka (dalje u tekstu \u201cGDPR\u201d) i pripadaju\u0107ih primjenjivih propisa o za\u0161titi osobnih podataka. U tu svrhu KRALJEVI RESTORANI d.o.o. sukladno odredbama \u010dl. 13 i 14. GDPR-a daje slijede\u0107e obavijesti:\n\t<\/p>\n\t<p>Va\u0161e osobne podatke u svojstvu voditelja obrade prikuplja KRALJEVI RESTORANI d.o.o., Hrvatska, Zagreb, Avenija Ve\u0107eslava Holjevca 40, OIB 37567261825. Kontakt za ostvarivanje prava: careers@globalrestaurantbrands.com,\n\t<\/p>\n\t<p>KRALJEVI RESTORANI d.o.o. prikupljene osobne podatke koristi u svrhu izbora kandidata za zapo\u0161ljavanje, uklju\u010duju\u0107i za ogla\u0161eno radno mjesto. Sukladno navedenom, podaci se prikupljaju na temelju na\u0161eg legitimnog interesa, sukladno \u010dl. 6. st.1(f) GDPR-a.\n\t<\/p>\n\t<p>Podaci koji se prikupljaju su podaci o imenu i prezimenu ispitanika, e-mail adresi ispitanika, mjestu stanovanja, adresi stanovanja, godini ro\u0111enja, broju telefona te CV-u kojega ispitanik mo\u017ee dostaviti KRALJEVI RESTORANI d.o.o. Podaci se djelomi\u010dno obra\u0111uju automatskom obradom, no odluku o izboru kandidata ne donosimo isklju\u010divo na temelju automatske obrade.\n\t<\/p>\n\t<p>Prikupljeni podaci ne dostavljaju se drugim primateljima i ne izvoze izvan Europske Unije.\n\t<\/p>\n\t<p>KRALJEVI RESTORANI d.o.o. \u0107e prikupljene podatke \u010duvati 3 mjeseca po primitku samoinicijativno dostavljene prijave odnosno 3 mjeseca nakon zavr\u0161etka pojedinog ogla\u0161enog natje\u010daja za radno mjesto, odnosno izbora kandidata, te \u0107e ih po proteku tog roka brisati na na\u010din sukladan GDPR-u izuzev u posebnim situacijama kada postoji legitimni interes KRALJEVI RESTORANI d.o.o. da ih zadr\u017ei na dulji rok (primjerice, u slu\u010daju postupanja nadle\u017enog tijela, sudskog spora ili sli\u010dnom slu\u010daju).\n\t<\/p>\n\t<p>KRALJEVI RESTORANI d.o.o. po\u0161tuje prava ispitanika na pristup, ispravak, brisanje i ograni\u010davanje obrade osobnih podataka, kao i prava na ulaganje prigovora na obradu i prava na prenosivost podataka. Navedena prava ispitanici ostvaruju podno\u0161enjem pisanog zahtjeva KRALJEVI RESTORANI -i i\/ili Slu\u017ebeniku za za\u0161titu osobnih podataka na kontakt adresu e-po\u0161te careers@globalrestaurantbrands.com . Pravo na podno\u0161enje prigovora ostvaruje se prigovorom Agenciji za za\u0161titu osobnih podataka RH.\n\t<\/p>\n<\/div>\n<div class=\"space-up\">\n\t<p><label><a href=\"?page_id=760\">Pro\u010ditaj uvjete ovdje<\/a><\/label>\n\t<\/p>\n<\/div>\n<p><span class=\"wpcf7-form-control-wrap\" data-name=\"uvjeti\"><span class=\"wpcf7-form-control wpcf7-radio\"><span class=\"wpcf7-list-item first last\"><label><input type=\"radio\" name=\"uvjeti\" value=\"Pro\u010ditao sam uvjete i sla\u017eem se.\" \/><span class=\"wpcf7-list-item-label\">Pro\u010ditao sam uvjete i sla\u017eem se.<\/span><\/label><\/span><\/span><\/span>\n<\/p>\n<p><input class=\"wpcf7-form-control wpcf7-submit has-spinner\" type=\"submit\" value=\"Po\u0161alji\" \/>\n<\/p><p style=\"display: none !important;\" class=\"akismet-fields-container\" data-prefix=\"_wpcf7_ak_\"><label>&#916;<textarea name=\"_wpcf7_ak_hp_textarea\" cols=\"45\" rows=\"8\" maxlength=\"100\"><\/textarea><\/label><input type=\"hidden\" id=\"ak_js_1\" name=\"_wpcf7_ak_js\" value=\"185\"\/><script>document.getElementById( \"ak_js_1\" ).setAttribute( \"value\", ( new Date() ).getTime() );<\/script><\/p><div class=\"wpcf7-response-output\" aria-hidden=\"true\"><\/div>\n<\/form>\n<\/div>\n\n<\/div>\n<\/div>\n\n\n\n<div class=\"wp-block-columns is-layout-flex wp-container-core-columns-is-layout-9d6595d7 wp-block-columns-is-layout-flex\">\n<div class=\"wp-block-column is-layout-flow wp-block-column-is-layout-flow\" style=\"flex-basis:25%\"><\/div>\n\n\n\n<div class=\"wp-block-column is-layout-flow wp-block-column-is-layout-flow\" style=\"flex-basis:50%\">\n<\/div><\/div><\/div><\/div>\n<\/div>\n\n\n\n<div class=\"wp-block-column is-layout-flow wp-block-column-is-layout-flow\" style=\"flex-basis:25%\"><\/div>\n<\/div>\n\n\n\n<div class=\"wp-block-columns is-layout-flex wp-container-core-columns-is-layout-9d6595d7 wp-block-columns-is-layout-flex\">\n<div class=\"wp-block-column is-layout-flow wp-block-column-is-layout-flow\" style=\"flex-basis:25%\"><\/div>\n\n\n\n<div class=\"wp-block-column is-layout-flow wp-block-column-is-layout-flow\" style=\"flex-basis:50%\">\n<script>\ndocument.querySelector(\".prijavi-se\").addEventListener(\"click\", function(){\n  document.querySelector(\".prijavnica-open\").classList.add(\"prikazi-prijavu\");\n});\n\nconst radioButtons = document.getElementsByName(\"raspolozivost-za-rad\");\nconst lastRadioButton = radioButtons[radioButtons.length - 1];\nconst odaberiteSateElement = document.querySelector('.odaberite-sate');\n\nfunction handleRadioButtonChange() {\n  if (lastRadioButton.checked) {\n    odaberiteSateElement.style.display = \"block\";\n  } else {\n    odaberiteSateElement.style.display = \"none\";\n  }\n}\n\n\/\/ Attach event listeners to all radio buttons\nfor (const radioButton of radioButtons) {\n  radioButton.addEventListener(\"change\", handleRadioButtonChange);\n}\n\nconst radioButtonsDrz = document.getElementsByName(\"drzavljanstvo\");\nconst secondToLastRadioButtonDrz = radioButtonsDrz[radioButtonsDrz.length - 1];\nconst odaberiteSateElementDrz = document.querySelector('.drzavljanstvo');\n\nfunction handleRadioButtonChangeDrz() {\n  if (secondToLastRadioButtonDrz.checked) {\n    odaberiteSateElementDrz.style.display = \"block\";\n  } else {\n    odaberiteSateElementDrz.style.display = \"none\";\n  }\n}\n\n\/\/ Attach event listeners to all radio buttons\nfor (const radioButtonDrz of radioButtonsDrz) {\n  radioButtonDrz.addEventListener(\"change\", handleRadioButtonChangeDrz);\n}\n\nconst radioButtonsVrm = document.getElementsByName(\"radno-vrijeme[]\");\nconst secondToLastRadioButtonVrm = radioButtonsVrm[radioButtonsVrm.length - 1];\nconst odaberiteSateElementVrm = document.querySelector('.radno-vrijeme');\n\nfunction handleRadioButtonChangeVrm() {\n  if (secondToLastRadioButtonVrm.checked) {\n    odaberiteSateElementVrm.style.display = \"block\";\n  } else {\n    odaberiteSateElementVrm.style.display = \"none\";\n  }\n}\n\n\/\/ Attach event listeners to all radio buttons\nfor (const radioButtonVrm of radioButtonsVrm) {\n  radioButtonVrm.addEventListener(\"change\", handleRadioButtonChangeVrm);\n}\n\n<\/script>\n<\/div>\n\n\n\n<div class=\"wp-block-column is-layout-flow wp-block-column-is-layout-flow\" style=\"flex-basis:25%\"><\/div>\n<\/div>\n","protected":false},"excerpt":{"rendered":"<p>Student\/ica (m\/\u017e) Split, Rijeka, Zagreb, Rugvica Opis posla: Brine se o gostima da prime najbolju uslugu, da restoran bude \u010dist, atmosfera u restoranu ugodna, hrana koju poslu\u017eujemo topla i svje\u017ea Student\/ica \u0107e raditi na bazi\u010dnim poslovima \u0161to uklju\u010duje rad na blagajni, rad u kuhinji, rad na poslovima \u010di\u0161\u0107enja kao i slaganje dostave Uvjeti: Po\u0161tivanje i [&hellip;]<\/p>\n","protected":false},"author":2,"featured_media":0,"parent":0,"menu_order":0,"comment_status":"closed","ping_status":"closed","template":"","meta":{"_acf_changed":false,"footnotes":""},"class_list":["post-799","page","type-page","status-publish","hentry"],"acf":[],"yoast_head":"<!-- This site is optimized with the Yoast SEO plugin v26.7 - https:\/\/yoast.com\/wordpress\/plugins\/seo\/ -->\n<title>Student\/ica - Burger King<\/title>\n<meta name=\"robots\" content=\"index, follow, max-snippet:-1, max-image-preview:large, max-video-preview:-1\" \/>\n<link rel=\"canonical\" href=\"https:\/\/burgerking.hr\/?page_id=799\" \/>\n<meta property=\"og:locale\" content=\"hr_HR\" \/>\n<meta property=\"og:type\" content=\"article\" \/>\n<meta property=\"og:title\" content=\"Student\/ica - Burger King\" \/>\n<meta property=\"og:description\" content=\"Student\/ica (m\/\u017e) Split, Rijeka, Zagreb, Rugvica Opis posla: Brine se o gostima da prime najbolju uslugu, da restoran bude \u010dist, atmosfera u restoranu ugodna, hrana koju poslu\u017eujemo topla i svje\u017ea Student\/ica \u0107e raditi na bazi\u010dnim poslovima \u0161to uklju\u010duje rad na blagajni, rad u kuhinji, rad na poslovima \u010di\u0161\u0107enja kao i slaganje dostave Uvjeti: Po\u0161tivanje i [&hellip;]\" \/>\n<meta property=\"og:url\" content=\"https:\/\/burgerking.hr\/?page_id=799\" \/>\n<meta property=\"og:site_name\" content=\"Burger King\" \/>\n<meta property=\"article:publisher\" content=\"https:\/\/www.facebook.com\/burgerkingcro\/\" \/>\n<meta property=\"article:modified_time\" content=\"2024-12-18T09:01:01+00:00\" \/>\n<meta property=\"og:image\" content=\"https:\/\/burgerking.hr\/wp-content\/uploads\/2024\/12\/BK_YJYW_1903x694px_03.jpg\" \/>\n<meta name=\"twitter:card\" content=\"summary_large_image\" \/>\n<meta name=\"twitter:label1\" content=\"Procijenjeno vrijeme \u010ditanja\" \/>\n\t<meta name=\"twitter:data1\" content=\"1 minuta\" \/>\n<script type=\"application\/ld+json\" class=\"yoast-schema-graph\">{\"@context\":\"https:\/\/schema.org\",\"@graph\":[{\"@type\":\"WebPage\",\"@id\":\"https:\/\/burgerking.hr\/?page_id=799\",\"url\":\"https:\/\/burgerking.hr\/?page_id=799\",\"name\":\"Student\/ica - Burger King\",\"isPartOf\":{\"@id\":\"https:\/\/burgerking.hr\/#website\"},\"primaryImageOfPage\":{\"@id\":\"https:\/\/burgerking.hr\/?page_id=799#primaryimage\"},\"image\":{\"@id\":\"https:\/\/burgerking.hr\/?page_id=799#primaryimage\"},\"thumbnailUrl\":\"https:\/\/burgerking.hr\/wp-content\/uploads\/2024\/12\/BK_YJYW_1903x694px_03.jpg\",\"datePublished\":\"2023-08-04T07:36:13+00:00\",\"dateModified\":\"2024-12-18T09:01:01+00:00\",\"breadcrumb\":{\"@id\":\"https:\/\/burgerking.hr\/?page_id=799#breadcrumb\"},\"inLanguage\":\"hr\",\"potentialAction\":[{\"@type\":\"ReadAction\",\"target\":[\"https:\/\/burgerking.hr\/?page_id=799\"]}]},{\"@type\":\"ImageObject\",\"inLanguage\":\"hr\",\"@id\":\"https:\/\/burgerking.hr\/?page_id=799#primaryimage\",\"url\":\"https:\/\/burgerking.hr\/wp-content\/uploads\/2024\/12\/BK_YJYW_1903x694px_03.jpg\",\"contentUrl\":\"https:\/\/burgerking.hr\/wp-content\/uploads\/2024\/12\/BK_YJYW_1903x694px_03.jpg\",\"width\":1903,\"height\":694},{\"@type\":\"BreadcrumbList\",\"@id\":\"https:\/\/burgerking.hr\/?page_id=799#breadcrumb\",\"itemListElement\":[{\"@type\":\"ListItem\",\"position\":1,\"name\":\"Po\u010detna stranica\",\"item\":\"https:\/\/burgerking.hr\/\"},{\"@type\":\"ListItem\",\"position\":2,\"name\":\"Student\/ica\"}]},{\"@type\":\"WebSite\",\"@id\":\"https:\/\/burgerking.hr\/#website\",\"url\":\"https:\/\/burgerking.hr\/\",\"name\":\"Burger King\",\"description\":\"\",\"publisher\":{\"@id\":\"https:\/\/burgerking.hr\/#organization\"},\"potentialAction\":[{\"@type\":\"SearchAction\",\"target\":{\"@type\":\"EntryPoint\",\"urlTemplate\":\"https:\/\/burgerking.hr\/?s={search_term_string}\"},\"query-input\":{\"@type\":\"PropertyValueSpecification\",\"valueRequired\":true,\"valueName\":\"search_term_string\"}}],\"inLanguage\":\"hr\"},{\"@type\":\"Organization\",\"@id\":\"https:\/\/burgerking.hr\/#organization\",\"name\":\"Burger King\",\"url\":\"https:\/\/burgerking.hr\/\",\"logo\":{\"@type\":\"ImageObject\",\"inLanguage\":\"hr\",\"@id\":\"https:\/\/burgerking.hr\/#\/schema\/logo\/image\/\",\"url\":\"https:\/\/burgerking.hr\/wp-content\/uploads\/2025\/07\/Burger-King-Logo-1994-scaled.png\",\"contentUrl\":\"https:\/\/burgerking.hr\/wp-content\/uploads\/2025\/07\/Burger-King-Logo-1994-scaled.png\",\"width\":2560,\"height\":1439,\"caption\":\"Burger King\"},\"image\":{\"@id\":\"https:\/\/burgerking.hr\/#\/schema\/logo\/image\/\"},\"sameAs\":[\"https:\/\/www.facebook.com\/burgerkingcro\/\",\"https:\/\/www.instagram.com\/burgerkinghr\/\",\"https:\/\/www.tiktok.com\/@burgerkinghr\"]}]}<\/script>\n<!-- \/ Yoast SEO plugin. -->","yoast_head_json":{"title":"Student\/ica - Burger King","robots":{"index":"index","follow":"follow","max-snippet":"max-snippet:-1","max-image-preview":"max-image-preview:large","max-video-preview":"max-video-preview:-1"},"canonical":"https:\/\/burgerking.hr\/?page_id=799","og_locale":"hr_HR","og_type":"article","og_title":"Student\/ica - Burger King","og_description":"Student\/ica (m\/\u017e) Split, Rijeka, Zagreb, Rugvica Opis posla: Brine se o gostima da prime najbolju uslugu, da restoran bude \u010dist, atmosfera u restoranu ugodna, hrana koju poslu\u017eujemo topla i svje\u017ea Student\/ica \u0107e raditi na bazi\u010dnim poslovima \u0161to uklju\u010duje rad na blagajni, rad u kuhinji, rad na poslovima \u010di\u0161\u0107enja kao i slaganje dostave Uvjeti: Po\u0161tivanje i [&hellip;]","og_url":"https:\/\/burgerking.hr\/?page_id=799","og_site_name":"Burger King","article_publisher":"https:\/\/www.facebook.com\/burgerkingcro\/","article_modified_time":"2024-12-18T09:01:01+00:00","og_image":[{"url":"https:\/\/burgerking.hr\/wp-content\/uploads\/2024\/12\/BK_YJYW_1903x694px_03.jpg","type":"","width":"","height":""}],"twitter_card":"summary_large_image","twitter_misc":{"Procijenjeno vrijeme \u010ditanja":"1 minuta"},"schema":{"@context":"https:\/\/schema.org","@graph":[{"@type":"WebPage","@id":"https:\/\/burgerking.hr\/?page_id=799","url":"https:\/\/burgerking.hr\/?page_id=799","name":"Student\/ica - Burger King","isPartOf":{"@id":"https:\/\/burgerking.hr\/#website"},"primaryImageOfPage":{"@id":"https:\/\/burgerking.hr\/?page_id=799#primaryimage"},"image":{"@id":"https:\/\/burgerking.hr\/?page_id=799#primaryimage"},"thumbnailUrl":"https:\/\/burgerking.hr\/wp-content\/uploads\/2024\/12\/BK_YJYW_1903x694px_03.jpg","datePublished":"2023-08-04T07:36:13+00:00","dateModified":"2024-12-18T09:01:01+00:00","breadcrumb":{"@id":"https:\/\/burgerking.hr\/?page_id=799#breadcrumb"},"inLanguage":"hr","potentialAction":[{"@type":"ReadAction","target":["https:\/\/burgerking.hr\/?page_id=799"]}]},{"@type":"ImageObject","inLanguage":"hr","@id":"https:\/\/burgerking.hr\/?page_id=799#primaryimage","url":"https:\/\/burgerking.hr\/wp-content\/uploads\/2024\/12\/BK_YJYW_1903x694px_03.jpg","contentUrl":"https:\/\/burgerking.hr\/wp-content\/uploads\/2024\/12\/BK_YJYW_1903x694px_03.jpg","width":1903,"height":694},{"@type":"BreadcrumbList","@id":"https:\/\/burgerking.hr\/?page_id=799#breadcrumb","itemListElement":[{"@type":"ListItem","position":1,"name":"Po\u010detna stranica","item":"https:\/\/burgerking.hr\/"},{"@type":"ListItem","position":2,"name":"Student\/ica"}]},{"@type":"WebSite","@id":"https:\/\/burgerking.hr\/#website","url":"https:\/\/burgerking.hr\/","name":"Burger King","description":"","publisher":{"@id":"https:\/\/burgerking.hr\/#organization"},"potentialAction":[{"@type":"SearchAction","target":{"@type":"EntryPoint","urlTemplate":"https:\/\/burgerking.hr\/?s={search_term_string}"},"query-input":{"@type":"PropertyValueSpecification","valueRequired":true,"valueName":"search_term_string"}}],"inLanguage":"hr"},{"@type":"Organization","@id":"https:\/\/burgerking.hr\/#organization","name":"Burger King","url":"https:\/\/burgerking.hr\/","logo":{"@type":"ImageObject","inLanguage":"hr","@id":"https:\/\/burgerking.hr\/#\/schema\/logo\/image\/","url":"https:\/\/burgerking.hr\/wp-content\/uploads\/2025\/07\/Burger-King-Logo-1994-scaled.png","contentUrl":"https:\/\/burgerking.hr\/wp-content\/uploads\/2025\/07\/Burger-King-Logo-1994-scaled.png","width":2560,"height":1439,"caption":"Burger King"},"image":{"@id":"https:\/\/burgerking.hr\/#\/schema\/logo\/image\/"},"sameAs":["https:\/\/www.facebook.com\/burgerkingcro\/","https:\/\/www.instagram.com\/burgerkinghr\/","https:\/\/www.tiktok.com\/@burgerkinghr"]}]}},"_links":{"self":[{"href":"https:\/\/burgerking.hr\/index.php?rest_route=\/wp\/v2\/pages\/799","targetHints":{"allow":["GET"]}}],"collection":[{"href":"https:\/\/burgerking.hr\/index.php?rest_route=\/wp\/v2\/pages"}],"about":[{"href":"https:\/\/burgerking.hr\/index.php?rest_route=\/wp\/v2\/types\/page"}],"author":[{"embeddable":true,"href":"https:\/\/burgerking.hr\/index.php?rest_route=\/wp\/v2\/users\/2"}],"replies":[{"embeddable":true,"href":"https:\/\/burgerking.hr\/index.php?rest_route=%2Fwp%2Fv2%2Fcomments&post=799"}],"version-history":[{"count":19,"href":"https:\/\/burgerking.hr\/index.php?rest_route=\/wp\/v2\/pages\/799\/revisions"}],"predecessor-version":[{"id":2467,"href":"https:\/\/burgerking.hr\/index.php?rest_route=\/wp\/v2\/pages\/799\/revisions\/2467"}],"wp:attachment":[{"href":"https:\/\/burgerking.hr\/index.php?rest_route=%2Fwp%2Fv2%2Fmedia&parent=799"}],"curies":[{"name":"wp","href":"https:\/\/api.w.org\/{rel}","templated":true}]}}