{"id":3003,"date":"2025-07-24T10:14:14","date_gmt":"2025-07-24T10:14:14","guid":{"rendered":"https:\/\/burgerking.hr\/?page_id=3003"},"modified":"2025-07-24T10:14:15","modified_gmt":"2025-07-24T10:14:15","slug":"baklava","status":"publish","type":"page","link":"https:\/\/burgerking.hr\/?page_id=3003","title":{"rendered":"Baklava"},"content":{"rendered":"\n<figure class=\"wp-block-image size-full app-slika\"><img loading=\"lazy\" decoding=\"async\" width=\"2560\" height=\"1280\" src=\"https:\/\/burgerking.hr\/wp-content\/uploads\/2025\/07\/Baklava_Banner-Naslovna_2000x1000-05-scaled.jpg\" alt=\"\" class=\"wp-image-2974\" style=\"object-fit:cover\" srcset=\"https:\/\/burgerking.hr\/wp-content\/uploads\/2025\/07\/Baklava_Banner-Naslovna_2000x1000-05-scaled.jpg 2560w, https:\/\/burgerking.hr\/wp-content\/uploads\/2025\/07\/Baklava_Banner-Naslovna_2000x1000-05-300x150.jpg 300w, https:\/\/burgerking.hr\/wp-content\/uploads\/2025\/07\/Baklava_Banner-Naslovna_2000x1000-05-1024x512.jpg 1024w, https:\/\/burgerking.hr\/wp-content\/uploads\/2025\/07\/Baklava_Banner-Naslovna_2000x1000-05-768x384.jpg 768w, https:\/\/burgerking.hr\/wp-content\/uploads\/2025\/07\/Baklava_Banner-Naslovna_2000x1000-05-1536x768.jpg 1536w, https:\/\/burgerking.hr\/wp-content\/uploads\/2025\/07\/Baklava_Banner-Naslovna_2000x1000-05-2048x1024.jpg 2048w\" sizes=\"auto, (max-width: 2560px) 100vw, 2560px\" \/><\/figure>\n\n\n\n<div class=\"wp-block-columns is-layout-flex wp-container-core-columns-is-layout-9d6595d7 wp-block-columns-is-layout-flex\">\n<div class=\"wp-block-column is-layout-flow wp-block-column-is-layout-flow\" style=\"flex-basis:25%\"><\/div>\n\n\n\n<div class=\"wp-block-column is-layout-flow wp-block-column-is-layout-flow\" style=\"flex-basis:50%\">\n<p class=\"app-p jakoo\">Novo! Baklava Style deserti u Burger Kingu<\/p>\n<p class=\"app-p\">Upoznajte novu kraljevsku poslasticu inspiriranu jednom od najpoznatijih bliskoisto\u010dnih slastica \u2013 baklavom! Burger King donosi Baklava Style deserte, savr\u0161eni spoj bogatih, hrskavih slojeva i na\u0161eg prepoznatljivog kremastog sladoleda od vanilije.<\/p>\n<\/div>\n\n\n\n<div class=\"wp-block-column is-layout-flow wp-block-column-is-layout-flow\" style=\"flex-basis:25%\"><\/div>\n<\/div>\n\n\n\n<style>\n.app-column img{width:350px;padding-bottom: 20px;}\n.app-p{padding-top:0px;padding-bottom:10px;margin-bottom:0px;}\n.unos{    grid-template-columns: repeat(2, 1fr);}\n.app-container a{text-decoration:none;}\n.jakoo{font-family: 'Flame-Regular';}\n.tankoo{margin-top: 30px;\n    font-style: italic;}\n.app-slika{margin-bottom:50px;}\n@media(max-width:750px){\n.unos {\n    grid-template-columns: repeat(1, 1fr);\n}\n.app-text-div{height:auto;}\n.app-column img{width:80%;}\n}\n@media(max-width:700px){\n.jakoo{margin-top: -100px;\n    margin-bottom: 30px;\n    line-height: 1.1;}\n.app-p{\npadding-top: 20px;\n    padding-bottom: 20px;}\n.wp-block-image img{\nmargin-bottom: 50px;\n}\n}\n<\/style>\n\n<div class=\"app-center-wrapper\">\n<div class=\"app-container unos\">\n<a href=\"\/?p=2960\"><div class=\"app-column\"><img decoding=\"async\" src=\"https:\/\/burgerking.hr\/wp-content\/uploads\/2025\/07\/Baklava_Fusion_750x600.png\"><div class=\"app-text-div\"><p class=\"app-naslov\">King Fusion Baklava Style<\/p><p class=\"app-text\">Kremasti sladoled od vanilije s preljevom od pistacije i karamele, s hrskavim komadi\u0107i tijesta okusa baklave \u2013 ovaj sladoled pru\u017ea vizualni i okusni hommage tradicionalnoj baklavi u obliku ledenog deserta.<\/p><\/div><\/div><\/a>\n<a href=\"\/?p=2964\"><div class=\"app-column\"><img decoding=\"async\" src=\"https:\/\/burgerking.hr\/wp-content\/uploads\/2025\/07\/Baklava_Shake_750x600.png\"><div class=\"app-text-div\"><p class=\"app-naslov\">King Shake Baklava Style<\/p><p class=\"app-text\">Bogati sastojci spojeni u glatki, kremasti napitak koji osvaja na prvi gutljaj. Kombinacija preljeva od pistacija i karamele s hrskavim mrvicama tijesta s okusom baklave donosi hrabar, luksuzan twist na klasi\u010dnu slasticu.<\/p><\/div><\/div><\/a>\n<\/div>\n<\/div>\n\n<\/div>\n<\/div>\n\n\n\n<div style=\"height:95px\" aria-hidden=\"true\" class=\"wp-block-spacer\"><\/div>\n\n\n\n<div style=\"height:44px\" aria-hidden=\"true\" class=\"wp-block-spacer\"><\/div>\n\n\n\n<div class=\"wp-block-columns is-layout-flex wp-container-core-columns-is-layout-9d6595d7 wp-block-columns-is-layout-flex\">\n<div class=\"wp-block-column is-layout-flow wp-block-column-is-layout-flow\" style=\"flex-basis:25%\"><\/div>\n\n\n\n<div class=\"wp-block-column is-layout-flow wp-block-column-is-layout-flow\" style=\"flex-basis:50%\">\n<p class=\"app-p\"><strong>U ponudi su dvije neodoljive opcije:<\/strong><\/p>\n<p class=\"app-p\">Baklava Style Fusion \u2013 kremasti vanilija sladoled u slojevima s hrskavim komadi\u0107ima tijesta, slatkim sirupom od karamele i preljevom od pistacije.<\/p>\n<p class=\"app-p\">Baklava Style Shake \u2013  shake od vanilije s pistacijom, hrskavim mrvicama i notama karamel preljeva &#8211; za savr\u0161eno bogat i osvje\u017eavaju\u0107i twist.<\/p>\n<p class=\"app-p\">Ljubitelji deserata i baklave ne smiju propustiti ovu kreativnu fuziju okusa i tekstura.<\/p>\n<p class=\"app-p\">Isprobajte nove deserte odmah \u2013 ponuda vrijedi samo ograni\u010deno!<\/p>\n<\/div>\n\n\n\n<div class=\"wp-block-column is-layout-flow wp-block-column-is-layout-flow\" style=\"flex-basis:25%\"><\/div>\n<\/div>\n\n\n\n<div style=\"height:44px\" aria-hidden=\"true\" class=\"wp-block-spacer\"><\/div>\n\n\n\n<div style=\"height:60px\" aria-hidden=\"true\" class=\"wp-block-spacer\"><\/div>\n","protected":false},"excerpt":{"rendered":"<p>Novo! Baklava Style deserti u Burger Kingu Upoznajte novu kraljevsku poslasticu inspiriranu jednom od najpoznatijih bliskoisto\u010dnih slastica \u2013 baklavom! Burger King donosi Baklava Style deserte, savr\u0161eni spoj bogatih, hrskavih slojeva i na\u0161eg prepoznatljivog kremastog sladoleda od vanilije. King Fusion Baklava Style Kremasti sladoled od vanilije s preljevom od pistacije i karamele, s hrskavim komadi\u0107i tijesta [&hellip;]<\/p>\n","protected":false},"author":2,"featured_media":0,"parent":0,"menu_order":0,"comment_status":"closed","ping_status":"closed","template":"","meta":{"_acf_changed":false,"footnotes":""},"class_list":["post-3003","page","type-page","status-publish","hentry"],"acf":[],"yoast_head":"<!-- This site is optimized with the Yoast SEO plugin v26.7 - https:\/\/yoast.com\/wordpress\/plugins\/seo\/ -->\n<title>Baklava - Burger King<\/title>\n<meta name=\"robots\" content=\"index, follow, max-snippet:-1, max-image-preview:large, max-video-preview:-1\" \/>\n<link rel=\"canonical\" href=\"https:\/\/burgerking.hr\/?page_id=3003\" \/>\n<meta property=\"og:locale\" content=\"hr_HR\" \/>\n<meta property=\"og:type\" content=\"article\" \/>\n<meta property=\"og:title\" content=\"Baklava - Burger King\" \/>\n<meta property=\"og:description\" content=\"Novo! Baklava Style deserti u Burger Kingu Upoznajte novu kraljevsku poslasticu inspiriranu jednom od najpoznatijih bliskoisto\u010dnih slastica \u2013 baklavom! Burger King donosi Baklava Style deserte, savr\u0161eni spoj bogatih, hrskavih slojeva i na\u0161eg prepoznatljivog kremastog sladoleda od vanilije. King Fusion Baklava Style Kremasti sladoled od vanilije s preljevom od pistacije i karamele, s hrskavim komadi\u0107i tijesta [&hellip;]\" \/>\n<meta property=\"og:url\" content=\"https:\/\/burgerking.hr\/?page_id=3003\" \/>\n<meta property=\"og:site_name\" content=\"Burger King\" \/>\n<meta property=\"article:publisher\" content=\"https:\/\/www.facebook.com\/burgerkingcro\/\" \/>\n<meta property=\"article:modified_time\" content=\"2025-07-24T10:14:15+00:00\" \/>\n<meta property=\"og:image\" content=\"https:\/\/burgerking.hr\/wp-content\/uploads\/2025\/07\/Baklava_Banner-Naslovna_2000x1000-05-scaled.jpg\" \/>\n<meta name=\"twitter:card\" content=\"summary_large_image\" \/>\n<meta name=\"twitter:label1\" content=\"Procijenjeno vrijeme \u010ditanja\" \/>\n\t<meta name=\"twitter:data1\" content=\"1 minuta\" \/>\n<script type=\"application\/ld+json\" class=\"yoast-schema-graph\">{\"@context\":\"https:\/\/schema.org\",\"@graph\":[{\"@type\":\"WebPage\",\"@id\":\"https:\/\/burgerking.hr\/?page_id=3003\",\"url\":\"https:\/\/burgerking.hr\/?page_id=3003\",\"name\":\"Baklava - Burger King\",\"isPartOf\":{\"@id\":\"https:\/\/burgerking.hr\/#website\"},\"primaryImageOfPage\":{\"@id\":\"https:\/\/burgerking.hr\/?page_id=3003#primaryimage\"},\"image\":{\"@id\":\"https:\/\/burgerking.hr\/?page_id=3003#primaryimage\"},\"thumbnailUrl\":\"https:\/\/burgerking.hr\/wp-content\/uploads\/2025\/07\/Baklava_Banner-Naslovna_2000x1000-05-scaled.jpg\",\"datePublished\":\"2025-07-24T10:14:14+00:00\",\"dateModified\":\"2025-07-24T10:14:15+00:00\",\"breadcrumb\":{\"@id\":\"https:\/\/burgerking.hr\/?page_id=3003#breadcrumb\"},\"inLanguage\":\"hr\",\"potentialAction\":[{\"@type\":\"ReadAction\",\"target\":[\"https:\/\/burgerking.hr\/?page_id=3003\"]}]},{\"@type\":\"ImageObject\",\"inLanguage\":\"hr\",\"@id\":\"https:\/\/burgerking.hr\/?page_id=3003#primaryimage\",\"url\":\"https:\/\/burgerking.hr\/wp-content\/uploads\/2025\/07\/Baklava_Banner-Naslovna_2000x1000-05-scaled.jpg\",\"contentUrl\":\"https:\/\/burgerking.hr\/wp-content\/uploads\/2025\/07\/Baklava_Banner-Naslovna_2000x1000-05-scaled.jpg\",\"width\":2560,\"height\":1280},{\"@type\":\"BreadcrumbList\",\"@id\":\"https:\/\/burgerking.hr\/?page_id=3003#breadcrumb\",\"itemListElement\":[{\"@type\":\"ListItem\",\"position\":1,\"name\":\"Po\u010detna stranica\",\"item\":\"https:\/\/burgerking.hr\/\"},{\"@type\":\"ListItem\",\"position\":2,\"name\":\"Baklava\"}]},{\"@type\":\"WebSite\",\"@id\":\"https:\/\/burgerking.hr\/#website\",\"url\":\"https:\/\/burgerking.hr\/\",\"name\":\"Burger King\",\"description\":\"\",\"publisher\":{\"@id\":\"https:\/\/burgerking.hr\/#organization\"},\"potentialAction\":[{\"@type\":\"SearchAction\",\"target\":{\"@type\":\"EntryPoint\",\"urlTemplate\":\"https:\/\/burgerking.hr\/?s={search_term_string}\"},\"query-input\":{\"@type\":\"PropertyValueSpecification\",\"valueRequired\":true,\"valueName\":\"search_term_string\"}}],\"inLanguage\":\"hr\"},{\"@type\":\"Organization\",\"@id\":\"https:\/\/burgerking.hr\/#organization\",\"name\":\"Burger King\",\"url\":\"https:\/\/burgerking.hr\/\",\"logo\":{\"@type\":\"ImageObject\",\"inLanguage\":\"hr\",\"@id\":\"https:\/\/burgerking.hr\/#\/schema\/logo\/image\/\",\"url\":\"https:\/\/burgerking.hr\/wp-content\/uploads\/2025\/07\/Burger-King-Logo-1994-scaled.png\",\"contentUrl\":\"https:\/\/burgerking.hr\/wp-content\/uploads\/2025\/07\/Burger-King-Logo-1994-scaled.png\",\"width\":2560,\"height\":1439,\"caption\":\"Burger King\"},\"image\":{\"@id\":\"https:\/\/burgerking.hr\/#\/schema\/logo\/image\/\"},\"sameAs\":[\"https:\/\/www.facebook.com\/burgerkingcro\/\",\"https:\/\/www.instagram.com\/burgerkinghr\/\",\"https:\/\/www.tiktok.com\/@burgerkinghr\"]}]}<\/script>\n<!-- \/ Yoast SEO plugin. -->","yoast_head_json":{"title":"Baklava - Burger King","robots":{"index":"index","follow":"follow","max-snippet":"max-snippet:-1","max-image-preview":"max-image-preview:large","max-video-preview":"max-video-preview:-1"},"canonical":"https:\/\/burgerking.hr\/?page_id=3003","og_locale":"hr_HR","og_type":"article","og_title":"Baklava - Burger King","og_description":"Novo! Baklava Style deserti u Burger Kingu Upoznajte novu kraljevsku poslasticu inspiriranu jednom od najpoznatijih bliskoisto\u010dnih slastica \u2013 baklavom! Burger King donosi Baklava Style deserte, savr\u0161eni spoj bogatih, hrskavih slojeva i na\u0161eg prepoznatljivog kremastog sladoleda od vanilije. King Fusion Baklava Style Kremasti sladoled od vanilije s preljevom od pistacije i karamele, s hrskavim komadi\u0107i tijesta [&hellip;]","og_url":"https:\/\/burgerking.hr\/?page_id=3003","og_site_name":"Burger King","article_publisher":"https:\/\/www.facebook.com\/burgerkingcro\/","article_modified_time":"2025-07-24T10:14:15+00:00","og_image":[{"url":"https:\/\/burgerking.hr\/wp-content\/uploads\/2025\/07\/Baklava_Banner-Naslovna_2000x1000-05-scaled.jpg","type":"","width":"","height":""}],"twitter_card":"summary_large_image","twitter_misc":{"Procijenjeno vrijeme \u010ditanja":"1 minuta"},"schema":{"@context":"https:\/\/schema.org","@graph":[{"@type":"WebPage","@id":"https:\/\/burgerking.hr\/?page_id=3003","url":"https:\/\/burgerking.hr\/?page_id=3003","name":"Baklava - Burger King","isPartOf":{"@id":"https:\/\/burgerking.hr\/#website"},"primaryImageOfPage":{"@id":"https:\/\/burgerking.hr\/?page_id=3003#primaryimage"},"image":{"@id":"https:\/\/burgerking.hr\/?page_id=3003#primaryimage"},"thumbnailUrl":"https:\/\/burgerking.hr\/wp-content\/uploads\/2025\/07\/Baklava_Banner-Naslovna_2000x1000-05-scaled.jpg","datePublished":"2025-07-24T10:14:14+00:00","dateModified":"2025-07-24T10:14:15+00:00","breadcrumb":{"@id":"https:\/\/burgerking.hr\/?page_id=3003#breadcrumb"},"inLanguage":"hr","potentialAction":[{"@type":"ReadAction","target":["https:\/\/burgerking.hr\/?page_id=3003"]}]},{"@type":"ImageObject","inLanguage":"hr","@id":"https:\/\/burgerking.hr\/?page_id=3003#primaryimage","url":"https:\/\/burgerking.hr\/wp-content\/uploads\/2025\/07\/Baklava_Banner-Naslovna_2000x1000-05-scaled.jpg","contentUrl":"https:\/\/burgerking.hr\/wp-content\/uploads\/2025\/07\/Baklava_Banner-Naslovna_2000x1000-05-scaled.jpg","width":2560,"height":1280},{"@type":"BreadcrumbList","@id":"https:\/\/burgerking.hr\/?page_id=3003#breadcrumb","itemListElement":[{"@type":"ListItem","position":1,"name":"Po\u010detna stranica","item":"https:\/\/burgerking.hr\/"},{"@type":"ListItem","position":2,"name":"Baklava"}]},{"@type":"WebSite","@id":"https:\/\/burgerking.hr\/#website","url":"https:\/\/burgerking.hr\/","name":"Burger King","description":"","publisher":{"@id":"https:\/\/burgerking.hr\/#organization"},"potentialAction":[{"@type":"SearchAction","target":{"@type":"EntryPoint","urlTemplate":"https:\/\/burgerking.hr\/?s={search_term_string}"},"query-input":{"@type":"PropertyValueSpecification","valueRequired":true,"valueName":"search_term_string"}}],"inLanguage":"hr"},{"@type":"Organization","@id":"https:\/\/burgerking.hr\/#organization","name":"Burger King","url":"https:\/\/burgerking.hr\/","logo":{"@type":"ImageObject","inLanguage":"hr","@id":"https:\/\/burgerking.hr\/#\/schema\/logo\/image\/","url":"https:\/\/burgerking.hr\/wp-content\/uploads\/2025\/07\/Burger-King-Logo-1994-scaled.png","contentUrl":"https:\/\/burgerking.hr\/wp-content\/uploads\/2025\/07\/Burger-King-Logo-1994-scaled.png","width":2560,"height":1439,"caption":"Burger King"},"image":{"@id":"https:\/\/burgerking.hr\/#\/schema\/logo\/image\/"},"sameAs":["https:\/\/www.facebook.com\/burgerkingcro\/","https:\/\/www.instagram.com\/burgerkinghr\/","https:\/\/www.tiktok.com\/@burgerkinghr"]}]}},"_links":{"self":[{"href":"https:\/\/burgerking.hr\/index.php?rest_route=\/wp\/v2\/pages\/3003","targetHints":{"allow":["GET"]}}],"collection":[{"href":"https:\/\/burgerking.hr\/index.php?rest_route=\/wp\/v2\/pages"}],"about":[{"href":"https:\/\/burgerking.hr\/index.php?rest_route=\/wp\/v2\/types\/page"}],"author":[{"embeddable":true,"href":"https:\/\/burgerking.hr\/index.php?rest_route=\/wp\/v2\/users\/2"}],"replies":[{"embeddable":true,"href":"https:\/\/burgerking.hr\/index.php?rest_route=%2Fwp%2Fv2%2Fcomments&post=3003"}],"version-history":[{"count":4,"href":"https:\/\/burgerking.hr\/index.php?rest_route=\/wp\/v2\/pages\/3003\/revisions"}],"predecessor-version":[{"id":3007,"href":"https:\/\/burgerking.hr\/index.php?rest_route=\/wp\/v2\/pages\/3003\/revisions\/3007"}],"wp:attachment":[{"href":"https:\/\/burgerking.hr\/index.php?rest_route=%2Fwp%2Fv2%2Fmedia&parent=3003"}],"curies":[{"name":"wp","href":"https:\/\/api.w.org\/{rel}","templated":true}]}}